{"id":525,"date":"2023-10-30T16:14:34","date_gmt":"2023-10-30T16:14:34","guid":{"rendered":"https:\/\/palma.al\/?page_id=525"},"modified":"2024-02-15T15:09:39","modified_gmt":"2024-02-15T15:09:39","slug":"terms-of-use","status":"publish","type":"page","link":"https:\/\/palma.al\/en\/terms-of-use\/","title":{"rendered":"Terms of Use"},"content":{"rendered":"<div data-elementor-type=\"wp-page\" data-elementor-id=\"525\" class=\"elementor elementor-525\" data-elementor-post-type=\"page\">\n\t\t\t\t\t\t\t\t\t<section class=\"elementor-section elementor-top-section elementor-element elementor-element-12474f7 elementor-section-boxed elementor-section-height-default elementor-section-height-default\" data-id=\"12474f7\" data-element_type=\"section\" data-settings=\"{&quot;jet_parallax_layout_list&quot;:[],&quot;background_background&quot;:&quot;classic&quot;}\">\n\t\t\t\t\t\t<div class=\"elementor-container elementor-column-gap-default\">\n\t\t\t\t\t<div class=\"elementor-column elementor-col-100 elementor-top-column elementor-element elementor-element-d7bbd36\" data-id=\"d7bbd36\" data-element_type=\"column\">\n\t\t\t<div class=\"elementor-widget-wrap elementor-element-populated\">\n\t\t\t\t\t\t\t\t<section class=\"elementor-section elementor-inner-section elementor-element elementor-element-40e6365 elementor-section-boxed elementor-section-height-default elementor-section-height-default\" data-id=\"40e6365\" data-element_type=\"section\" data-settings=\"{&quot;jet_parallax_layout_list&quot;:[]}\">\n\t\t\t\t\t\t<div class=\"elementor-container elementor-column-gap-default\">\n\t\t\t\t\t<div class=\"elementor-column elementor-col-50 elementor-inner-column elementor-element elementor-element-314d5c6\" data-id=\"314d5c6\" data-element_type=\"column\">\n\t\t\t<div class=\"elementor-widget-wrap elementor-element-populated\">\n\t\t\t\t\t\t\t\t<div class=\"elementor-element elementor-element-5aa1a92 elementor-widget elementor-widget-heading\" data-id=\"5aa1a92\" data-element_type=\"widget\" data-widget_type=\"heading.default\">\n\t\t\t\t<div class=\"elementor-widget-container\">\n\t\t\t<style>\/*! elementor - v3.17.0 - 25-10-2023 *\/\n.elementor-heading-title{padding:0;margin:0;line-height:1}.elementor-widget-heading .elementor-heading-title[class*=elementor-size-]>a{color:inherit;font-size:inherit;line-height:inherit}.elementor-widget-heading .elementor-heading-title.elementor-size-small{font-size:15px}.elementor-widget-heading .elementor-heading-title.elementor-size-medium{font-size:19px}.elementor-widget-heading .elementor-heading-title.elementor-size-large{font-size:29px}.elementor-widget-heading .elementor-heading-title.elementor-size-xl{font-size:39px}.elementor-widget-heading .elementor-heading-title.elementor-size-xxl{font-size:59px}<\/style><h2 class=\"elementor-heading-title elementor-size-default\">Terms of Use<\/h2>\t\t<\/div>\n\t\t\t\t<\/div>\n\t\t\t\t\t<\/div>\n\t\t<\/div>\n\t\t\t\t<div class=\"elementor-column elementor-col-50 elementor-inner-column elementor-element elementor-element-b392539\" data-id=\"b392539\" data-element_type=\"column\">\n\t\t\t<div class=\"elementor-widget-wrap\">\n\t\t\t\t\t\t\t\t\t<\/div>\n\t\t<\/div>\n\t\t\t\t\t\t\t<\/div>\n\t\t<\/section>\n\t\t\t\t<section class=\"elementor-section elementor-inner-section elementor-element elementor-element-0a3681e elementor-section-boxed elementor-section-height-default elementor-section-height-default\" data-id=\"0a3681e\" data-element_type=\"section\" data-settings=\"{&quot;jet_parallax_layout_list&quot;:[]}\">\n\t\t\t\t\t\t<div class=\"elementor-container elementor-column-gap-default\">\n\t\t\t\t\t<div class=\"elementor-column elementor-col-100 elementor-inner-column elementor-element elementor-element-04d2f7e\" data-id=\"04d2f7e\" data-element_type=\"column\">\n\t\t\t<div class=\"elementor-widget-wrap elementor-element-populated\">\n\t\t\t\t\t\t\t\t<div class=\"elementor-element elementor-element-4fc8ae3 elementor-widget elementor-widget-text-editor\" data-id=\"4fc8ae3\" data-element_type=\"widget\" data-widget_type=\"text-editor.default\">\n\t\t\t\t<div class=\"elementor-widget-container\">\n\t\t\t<style>\/*! elementor - v3.17.0 - 25-10-2023 *\/\n.elementor-widget-text-editor.elementor-drop-cap-view-stacked .elementor-drop-cap{background-color:#69727d;color:#fff}.elementor-widget-text-editor.elementor-drop-cap-view-framed .elementor-drop-cap{color:#69727d;border:3px solid;background-color:transparent}.elementor-widget-text-editor:not(.elementor-drop-cap-view-default) .elementor-drop-cap{margin-top:8px}.elementor-widget-text-editor:not(.elementor-drop-cap-view-default) .elementor-drop-cap-letter{width:1em;height:1em}.elementor-widget-text-editor .elementor-drop-cap{float:left;text-align:center;line-height:1;font-size:50px}.elementor-widget-text-editor .elementor-drop-cap-letter{display:inline-block}<\/style>\t\t\t\t<p>Terms of Use<\/p>\n<ol>\n<li>\n<p>1. Introduction\nWelcome to palma.al (\"Website\"). By accessing or using our Website, you agree to be bound by these Terms of Use (\"Terms\"). If you do not agree to these Terms, please do not use our Website. We reserve the right to modify these Terms at any time without prior notice. Your continued use of the Website after any changes signifies your acceptance of the new Terms.<\/p>\n<\/li>\n<li>\n<p>2. Use of the Website\nYou agree to use the Website only for lawful purposes and in a way that does not infringe the rights of, restrict, or inhibit anyone else's use and enjoyment of the Website. Prohibited behavior includes harassing or causing distress or inconvenience to any person, transmitting obscene or offensive content, or disrupting the normal flow of dialogue within our Website.<\/p>\n<\/li>\n<li>\n<p>Intellectual Property\nThe content on the Website, including but not limited to text, graphics, images, logos, software, and trademarks, is the property of palma.al or its licensors and is protected by copyright and other intellectual property laws. You may not use, reproduce, modify, distribute, display, perform, or publish any such content without the express prior written permission of the owner.<\/p>\n<\/li>\n<li>\n<p>Disclaimer of Warranties\nThe Website is provided \"as is\" and \"as available\" without any representations or warranties, express or implied. palma.al makes no representations or warranties in relation to the Website or the information and materials provided on the Website.<\/p>\n<\/li>\n<li>\n<p>Limitation of Liability\npalma.al will not be liable for any direct, indirect, incidental, special, consequential, or punitive damages resulting from your use of or inability to use the Website, even if palma.al has been advised of the possibility of such damages.<\/p>\n<\/li>\n<li>\n<p>Privacy Policy\nOur Privacy Policy, which sets out how we will use your information, can be found at [Privacy Policy URL]. By using this Website, you consent to the processing described therein and warrant that all data provided by you is accurate.<\/p>\n<\/li>\n<\/ol>\n<p>Cookies Policy<\/p>\n<ol>\n<li>\n<p>What Are Cookies\nAs is common practice with almost all professional websites, this site uses cookies, which are tiny files that are downloaded to your computer, to improve your experience. This section describes what information they gather, how we use it, and why we sometimes need to store these cookies.<\/p>\n<\/li>\n<li>\n<p>How We Use Cookies\nWe use cookies for a variety of reasons detailed below. Unfortunately, in most cases, there are no industry standard options for disabling cookies without completely disabling the functionality and features they add to this site. It is recommended that you leave on all cookies if you are not sure whether you need them or not.<\/p>\n<\/li>\n<li>\n<p>Disabling Cookies\nYou can prevent the setting of cookies by adjusting the settings on your browser (see your browser Help for how to do this). Be aware that disabling cookies will affect the functionality of this and many other websites that you visit.<\/p>\n<\/li>\n<li>\n<p>The Cookies We Set\nAccount-related cookies: If you create an account with us, we will use cookies for the management of the signup process and general administration.\nLogin-related cookies: We use cookies when you are logged in so that we can remember this fact.\nSite preferences cookies: To provide you with a great experience on this site, we provide the functionality to set your preferences for how this site runs when you use it.<\/p>\n<\/li>\n<li>\n<p>Third-Party Cookies\nIn some special cases, we also use cookies provided by trusted third parties. The following section details which third-party cookies you might encounter through this site.<\/p>\n<\/li>\n<li>\n<p>More Information\nHopefully, that has clarified things for you. If there is something that you aren't sure whether you need or not, it's usually safer to leave cookies enabled in case it does interact with one of the features you use on our site.<\/p>\n<\/li>\n<\/ol>\n<p>For more information on cookies, please consult the Help section of your browser or take a look at the website About Cookies which offers guidance for all modern browsers.<\/p>\n<p>User\nTerms of Use\n1. Introduction\nWelcome to palma.al (\"Website\"). By accessing or using our Website, you agree to be bound by these Terms of Use (\"Terms\"). If you do not agree to these Terms, please do not use our Website. We reserve the right to modify these Terms at any time without prior notice. Your continued use of the Website after any changes signifies your acceptance of the new Terms.\n\n2. Use of the Website\nYou agree to use the Website only for lawful purposes and in a way that does not infringe the rights of, restrict, or inhibit anyone else's use and enjoyment of the Website. Prohibited behavior includes harassing or causing distress or inconvenience to any person, transmitting obscene or offensive content, or disrupting the normal flow of dialogue within our Website.\n\n3. Intellectual Property\nThe content on the Website, including but not limited to text, graphics, images, logos, software, and trademarks, is the property of palma.al or its licensors and is protected by copyright and other intellectual property laws. You may not use, reproduce, modify, distribute, display, perform, or publish any such content without the express prior written permission of the owner.\n\n4. Disclaimer of Warranties\nThe Website is provided \"as is\" and \"as available\" without any representations or warranties, express or implied. palma.al makes no representations or warranties in relation to the Website or the information and materials provided on the Website.\n\n5. Limitation of Liability\npalma.al will not be liable for any direct, indirect, incidental, special, consequential, or punitive damages resulting from your use of or inability to use the Website, even if palma.al has been advised of the possibility of such damages.\n\n6. Privacy Policy\nOur Privacy Policy, which sets out how we will use your information, can be found at [Privacy Policy URL]. By using this Website, you consent to the processing described therein and warrant that all data provided by you is accurate.\n\nCookie Policy\n1. What Are Cookies\nAs is common practice with almost all professional websites, this site uses cookies, which are tiny files that are downloaded to your computer, to improve your experience. This section describes what information they gather, how we use it, and why we sometimes need to store these cookies.\n\n2. How We Use Cookies\nWe use cookies for a variety of reasons detailed below. Unfortunately, in most cases, there are no industry standard options for disabling cookies without completely disabling the functionality and features they add to this site. It is recommended that you leave on all cookies if you are not sure whether you need them or not.\n\n3. Disabling Cookies\nYou can prevent the setting of cookies by adjusting the settings on your browser (see your browser Help for how to do this). Be aware that disabling cookies will affect the functionality of this and many other websites that you visit.\n\n4. The Cookies We Set\nAccount-related cookies: If you create an account with us, we will use cookies for the management of the signup process and general administration.\nLogin-related cookies: We use cookies when you are logged in so that we can remember this fact.\nSite preferences cookies: To provide you with a great experience on this site, we provide the functionality to set your preferences for how this site runs when you use it.\n5. Third-Party Cookies\nIn some special cases, we also use cookies provided by trusted third parties. The following section details which third-party cookies you might encounter through this site.\n\n6. More Information\nHopefully, that has clarified things for you. If there is something that you aren't sure whether you need or not, it's usually safer to leave cookies enabled in case it does interact with one of the features you use on our site.\n\nFor more information on cookies, please consult the Help section of your browser or take a look at the website About Cookies which offers guidance for all modern browsers.\n\nBy using our Website, you agree to the use of cookies and our Terms of Use. If you have any questions about our Terms of Use or Cookie Policy, please contact us at info@palma.com.al<\/p>\t\t\t\t\t\t<\/div>\n\t\t\t\t<\/div>\n\t\t\t\t\t<\/div>\n\t\t<\/div>\n\t\t\t\t\t\t\t<\/div>\n\t\t<\/section>\n\t\t\t\t\t<\/div>\n\t\t<\/div>\n\t\t\t\t\t\t\t<\/div>\n\t\t<\/section>\n\t\t\t\t\t\t\t<\/div>","protected":false},"excerpt":{"rendered":"<p>Politikat e P\u00ebrdorimit Kushtet e P\u00ebrdorimit Hyrje Mir\u00ebsevini n\u00eb palma.al (&#8220;Faqja e Internetit&#8221;). Duke hyr\u00eb ose p\u00ebrdorur Faqen ton\u00eb t\u00eb Internetit, ju pranoni t\u00eb jeni t\u00eb lidhur me k\u00ebto Kushte P\u00ebrdorimi (&#8220;Kushtet&#8221;). N\u00ebse nuk pranoni k\u00ebto Kushte, ju lutemi t\u00eb mos p\u00ebrdorni Faqen ton\u00eb t\u00eb Internetit. Ne rezervojm\u00eb t\u00eb drejt\u00ebn p\u00ebr t\u00eb modifikuar k\u00ebto Kushte &hellip;<\/p>\n<p class=\"read-more\"> <a class=\"\" href=\"https:\/\/palma.al\/en\/terms-of-use\/\"> <span class=\"screen-reader-text\">Terms of Use<\/span> Read More &raquo;<\/a><\/p>","protected":false},"author":1,"featured_media":0,"parent":0,"menu_order":0,"comment_status":"closed","ping_status":"closed","template":"","meta":{"site-sidebar-layout":"no-sidebar","site-content-layout":"","ast-site-content-layout":"full-width-container","site-content-style":"default","site-sidebar-style":"default","ast-global-header-display":"","ast-banner-title-visibility":"","ast-main-header-display":"","ast-hfb-above-header-display":"","ast-hfb-below-header-display":"","ast-hfb-mobile-header-display":"","site-post-title":"disabled","ast-breadcrumbs-content":"","ast-featured-img":"disabled","footer-sml-layout":"","theme-transparent-header-meta":"","adv-header-id-meta":"","stick-header-meta":"","header-above-stick-meta":"","header-main-stick-meta":"","header-below-stick-meta":"","astra-migrate-meta-layouts":"","ast-page-background-enabled":"default","ast-page-background-meta":{"desktop":{"background-color":"var(--ast-global-color-4)","background-image":"","background-repeat":"repeat","background-position":"center center","background-size":"auto","background-attachment":"scroll","background-type":"","background-media":"","overlay-type":"","overlay-color":"","overlay-gradient":""},"tablet":{"background-color":"","background-image":"","background-repeat":"repeat","background-position":"center center","background-size":"auto","background-attachment":"scroll","background-type":"","background-media":"","overlay-type":"","overlay-color":"","overlay-gradient":""},"mobile":{"background-color":"","background-image":"","background-repeat":"repeat","background-position":"center center","background-size":"auto","background-attachment":"scroll","background-type":"","background-media":"","overlay-type":"","overlay-color":"","overlay-gradient":""}},"ast-content-background-meta":{"desktop":{"background-color":"var(--ast-global-color-5)","background-image":"","background-repeat":"repeat","background-position":"center center","background-size":"auto","background-attachment":"scroll","background-type":"","background-media":"","overlay-type":"","overlay-color":"","overlay-gradient":""},"tablet":{"background-color":"var(--ast-global-color-5)","background-image":"","background-repeat":"repeat","background-position":"center center","background-size":"auto","background-attachment":"scroll","background-type":"","background-media":"","overlay-type":"","overlay-color":"","overlay-gradient":""},"mobile":{"background-color":"var(--ast-global-color-5)","background-image":"","background-repeat":"repeat","background-position":"center center","background-size":"auto","background-attachment":"scroll","background-type":"","background-media":"","overlay-type":"","overlay-color":"","overlay-gradient":""}},"footnotes":""},"class_list":["post-525","page","type-page","status-publish","hentry"],"_links":{"self":[{"href":"https:\/\/palma.al\/en\/wp-json\/wp\/v2\/pages\/525","targetHints":{"allow":["GET"]}}],"collection":[{"href":"https:\/\/palma.al\/en\/wp-json\/wp\/v2\/pages"}],"about":[{"href":"https:\/\/palma.al\/en\/wp-json\/wp\/v2\/types\/page"}],"author":[{"embeddable":true,"href":"https:\/\/palma.al\/en\/wp-json\/wp\/v2\/users\/1"}],"replies":[{"embeddable":true,"href":"https:\/\/palma.al\/en\/wp-json\/wp\/v2\/comments?post=525"}],"version-history":[{"count":17,"href":"https:\/\/palma.al\/en\/wp-json\/wp\/v2\/pages\/525\/revisions"}],"predecessor-version":[{"id":1551,"href":"https:\/\/palma.al\/en\/wp-json\/wp\/v2\/pages\/525\/revisions\/1551"}],"wp:attachment":[{"href":"https:\/\/palma.al\/en\/wp-json\/wp\/v2\/media?parent=525"}],"curies":[{"name":"wp","href":"https:\/\/api.w.org\/{rel}","templated":true}]}}